{"id":8598,"date":"2022-03-17T12:49:40","date_gmt":"2022-03-17T12:49:40","guid":{"rendered":"http:\/\/snackypetfood.com\/?post_type=product&#038;p=8598"},"modified":"2024-01-15T10:50:16","modified_gmt":"2024-01-15T10:50:16","slug":"beyaz-burgu-cubuk-25-adet","status":"publish","type":"product","link":"http:\/\/snackypetfood.com\/index.php\/urun\/beyaz-burgu-cubuk-25-adet\/","title":{"rendered":"Snacky Beyaz Burgu \u00c7ubuk 25 Adet"},"content":{"rendered":"\t\t<div data-elementor-type=\"wp-post\" data-elementor-id=\"8598\" class=\"elementor elementor-8598\">\n\t\t\t\t\t\t<section class=\"wd-negative-gap elementor-section elementor-top-section elementor-element elementor-element-41c0610 elementor-section-boxed elementor-section-height-default elementor-section-height-default\" data-id=\"41c0610\" data-element_type=\"section\">\n\t\t\t\t\t\t<div class=\"elementor-container elementor-column-gap-default\">\n\t\t\t\t\t<div class=\"elementor-column elementor-col-100 elementor-top-column elementor-element elementor-element-a3f4839\" data-id=\"a3f4839\" data-element_type=\"column\">\n\t\t\t<div class=\"elementor-widget-wrap elementor-element-populated\">\n\t\t\t\t\t\t<div class=\"elementor-element elementor-element-e76f37c elementor-widget elementor-widget-wd_text_block\" data-id=\"e76f37c\" data-element_type=\"widget\" data-widget_type=\"wd_text_block.default\">\n\t\t\t\t<div class=\"elementor-widget-container\">\n\t\t\t\t\t<div class=\"wd-text-block reset-last-child text-left\">\n\t\t\t\n\t\t\t<p><strong>Di\u015f Temizli\u011fi<\/strong><\/p><p>K\u00f6peklerin di\u015f, di\u015f eti ve a\u011f\u0131z sa\u011fl\u0131\u011f\u0131n\u0131 korumaya yard\u0131mc\u0131 olur. Di\u015f ta\u015f\u0131, tartar ve plak olu\u015fumunu engelleyerek a\u011f\u0131z kokusunu azalt\u0131r.<\/p><p><strong>Oyun Aktiviteleri<\/strong><\/p><p>Snacky \u00e7i\u011fneme kemi\u011fi, oyun aktivitelerinde kullan\u0131larak dostunuzun e\u011flenceli vakit ge\u00e7irmesini ve \u00f6\u011frenme i\u00e7g\u00fcd\u00fcs\u00fcne katk\u0131 sunar.<\/p><p><strong>M\u00fckemmel Lezzet<\/strong><\/p><p>K\u00f6peklerin damak zevkine g\u00f6re \u00f6zenle haz\u0131rlanm\u0131\u015f i\u00e7eri\u011finde % 100 s\u0131\u011f\u0131r derisi kullan\u0131lm\u0131\u015ft\u0131r. Dostunuza \u00f6d\u00fcl olarak vererek e\u011fitimini kolayla\u015ft\u0131rabilirsiniz.<\/p><div>\u00a0<\/div>\n\t\t\t\t\t<\/div>\n\t\t\t\t<\/div>\n\t\t\t\t<\/div>\n\t\t\t\t\t<\/div>\n\t\t<\/div>\n\t\t\t\t\t<\/div>\n\t\t<\/section>\n\t\t\t\t<\/div>\n\t\t","protected":false},"excerpt":{"rendered":"<p>Snacky Natural \u00c7i\u011fneme kemikleri k\u00f6peklerin damak zevkine g\u00f6re % 100 s\u0131\u011f\u0131r derisinden yap\u0131lm\u0131\u015f \u00f6d\u00fcl kemi\u011fidir. K\u00f6peklerde i\u00e7g\u00fcd\u00fcsel olarak bulunan kemirme ihtiyac\u0131n\u0131 giderirken di\u015flerde tartar birikimi ve plak olu\u015fumunu engeller. \u00c7ene yap\u0131s\u0131n\u0131 g\u00fc\u00e7lendirir ve dostunuzun e\u011flenceli vakit ge\u00e7irmesini sa\u011flar.<\/p>\n","protected":false},"featured_media":8822,"comment_status":"closed","ping_status":"closed","template":"","meta":[],"product_cat":[76],"product_tag":[],"class_list":{"0":"post-8598","1":"product","2":"type-product","3":"status-publish","4":"has-post-thumbnail","6":"product_cat-cigneme-kemikleri","8":"first","9":"instock","10":"shipping-taxable","11":"product-type-simple"},"_links":{"self":[{"href":"http:\/\/snackypetfood.com\/index.php\/wp-json\/wp\/v2\/product\/8598"}],"collection":[{"href":"http:\/\/snackypetfood.com\/index.php\/wp-json\/wp\/v2\/product"}],"about":[{"href":"http:\/\/snackypetfood.com\/index.php\/wp-json\/wp\/v2\/types\/product"}],"replies":[{"embeddable":true,"href":"http:\/\/snackypetfood.com\/index.php\/wp-json\/wp\/v2\/comments?post=8598"}],"version-history":[{"count":2,"href":"http:\/\/snackypetfood.com\/index.php\/wp-json\/wp\/v2\/product\/8598\/revisions"}],"predecessor-version":[{"id":8602,"href":"http:\/\/snackypetfood.com\/index.php\/wp-json\/wp\/v2\/product\/8598\/revisions\/8602"}],"wp:featuredmedia":[{"embeddable":true,"href":"http:\/\/snackypetfood.com\/index.php\/wp-json\/wp\/v2\/media\/8822"}],"wp:attachment":[{"href":"http:\/\/snackypetfood.com\/index.php\/wp-json\/wp\/v2\/media?parent=8598"}],"wp:term":[{"taxonomy":"product_cat","embeddable":true,"href":"http:\/\/snackypetfood.com\/index.php\/wp-json\/wp\/v2\/product_cat?post=8598"},{"taxonomy":"product_tag","embeddable":true,"href":"http:\/\/snackypetfood.com\/index.php\/wp-json\/wp\/v2\/product_tag?post=8598"}],"curies":[{"name":"wp","href":"https:\/\/api.w.org\/{rel}","templated":true}]}}