{"id":4400,"date":"2021-10-12T15:51:09","date_gmt":"2021-10-12T15:51:09","guid":{"rendered":"http:\/\/dummy.xtemos.com\/woodmart2\/elementor\/?page_id=4400"},"modified":"2022-03-23T11:00:35","modified_gmt":"2022-03-23T11:00:35","slug":"about-us-3","status":"publish","type":"page","link":"http:\/\/snackypetfood.com\/index.php\/about-us-3\/","title":{"rendered":"About us"},"content":{"rendered":"\t\t<div data-elementor-type=\"wp-page\" data-elementor-id=\"4400\" class=\"elementor elementor-4400\">\n\t\t\t\t\t\t<section class=\"wd-negative-gap elementor-section elementor-top-section elementor-element elementor-element-30f4b337 elementor-section-content-middle wd-section-stretch elementor-section-boxed elementor-section-height-default elementor-section-height-default\" data-id=\"30f4b337\" data-element_type=\"section\" data-settings=\"{&quot;background_background&quot;:&quot;classic&quot;}\">\n\t\t\t\t\t\t\t<div class=\"elementor-background-overlay\"><\/div>\n\t\t\t\t\t\t\t<div class=\"elementor-container elementor-column-gap-extended\">\n\t\t\t\t\t<div class=\"elementor-column elementor-col-100 elementor-top-column elementor-element elementor-element-130b2f5\" data-id=\"130b2f5\" data-element_type=\"column\">\n\t\t\t<div class=\"elementor-widget-wrap elementor-element-populated\">\n\t\t\t\t\t\t<div class=\"elementor-element elementor-element-57852be elementor-widget elementor-widget-wd_text_block\" data-id=\"57852be\" data-element_type=\"widget\" data-widget_type=\"wd_text_block.default\">\n\t\t\t\t<div class=\"elementor-widget-container\">\n\t\t\t\t\t<div class=\"wd-text-block reset-last-child text-left\">\n\t\t\t\n\t\t\t<p>Snacky Pet Food<\/p><p>Snacky, k\u00f6pekler i\u00e7in en iyi ve do\u011fal y\u00fcksek kaliteli ham maddeleri se\u00e7ip son teknolojiyle birlikte dostlar\u0131m\u0131z i\u00e7in \u00f6d\u00fcl kemi\u011fi ve bisk\u00fcviler \u00fcretir. Veteriner hekim ve beslenme uzmanlar\u0131ndan olu\u015fan uzman kadromuz ile birlikte en iyi kaliteyi dostlar\u0131m\u0131za ula\u015ft\u0131rmay\u0131 hedefliyoruz.<span style=\"font-size: 14px;\"><\/span><\/p>\n\t\t\t\t\t<\/div>\n\t\t\t\t<\/div>\n\t\t\t\t<\/div>\n\t\t\t\t\t<\/div>\n\t\t<\/div>\n\t\t\t\t\t<\/div>\n\t\t<\/section>\n\t\t\t\t<section class=\"wd-negative-gap elementor-section elementor-top-section elementor-element elementor-element-d02cce8 elementor-section-boxed elementor-section-height-default elementor-section-height-default\" data-id=\"d02cce8\" data-element_type=\"section\">\n\t\t\t\t\t\t<div class=\"elementor-container elementor-column-gap-default\">\n\t\t\t\t\t<div class=\"elementor-column elementor-col-33 elementor-top-column elementor-element elementor-element-99594af\" data-id=\"99594af\" data-element_type=\"column\">\n\t\t\t<div class=\"elementor-widget-wrap elementor-element-populated\">\n\t\t\t\t\t\t<div class=\"elementor-element elementor-element-059ab93 elementor-widget elementor-widget-wd_infobox\" data-id=\"059ab93\" data-element_type=\"widget\" data-widget_type=\"wd_infobox.default\">\n\t\t\t\t<div class=\"elementor-widget-container\">\n\t\t\t\t\t<div class=\"info-box-wrapper\">\n\t\t\t<div class=\"wd-info-box text-center box-icon-align-top box-style-base color-scheme-\">\n\t\t\t\t\n\t\t\t\t<div class=\"info-box-content\">\n\t\t\t\t\t\t\t\t\t\t\t<div class=\"info-box-subtitle subtitle-color-default subtitle-style-default wd-fontsize-xs\"\n\t\t\t\t\t\t\t  data-elementor-setting-key=\"subtitle\">\n\t\t\t\t\t\t\tPremium \t\t\t\t\t\t<\/div>\n\t\t\t\t\t\n\t\t\t\t\t\t\t\t\t\t\t<h4\t\t\t\t\t\tclass=\"info-box-title title box-title-style-default wd-fontsize-m\" data-elementor-setting-key=\"title\">\n\t\t\t\t\t\t\t\tKar\u015f\u0131 Konulmaz Lezzet\t\t\t\t\t\t<\/h4>\n\t\t\t\t\t\n\t\t\t\t\t<div class=\"info-box-inner set-cont-mb-s reset-last-child\"data-elementor-setting-key=\"content\"><p>Snacky \u00e7i\u011fneme kemikleri standart aroma ile kaplanm\u0131\u015f yada a\u015f\u0131lanm\u0131\u015f kemiklerin aksine tamamen do\u011fal i\u00e7erikler kullan\u0131ld\u0131\u011f\u0131ndan evcil k\u00f6pe\u011finiz i\u00e7in son derece lezzetlidir. Bu sayede benzersiz bir \u00f6d\u00fcl de\u011ferine sahip olup dostunuz i\u00e7in vazge\u00e7ilmez bir e\u011fitim arac\u0131 haline gelir.<span style=\"color: var(--wd-text-color); font-size: 14px;\"><\/span><\/p>\n<\/div>\n\n\t\t\t\t\t\t\t\t\t<\/div>\n\n\t\t\t\t\t\t\t\t\t<a href=\"#\" class=\"wd-info-box-link wd-fill\" aria-label=\"Infobox link\"><\/a>\n\t\t\t\t\t\t\t<\/div>\n\t\t<\/div>\n\t\t\t\t<\/div>\n\t\t\t\t<\/div>\n\t\t\t\t\t<\/div>\n\t\t<\/div>\n\t\t\t\t<div class=\"elementor-column elementor-col-33 elementor-top-column elementor-element elementor-element-175146b\" data-id=\"175146b\" data-element_type=\"column\">\n\t\t\t<div class=\"elementor-widget-wrap elementor-element-populated\">\n\t\t\t\t\t\t<div class=\"elementor-element elementor-element-06decb8 elementor-widget elementor-widget-wd_infobox\" data-id=\"06decb8\" data-element_type=\"widget\" data-widget_type=\"wd_infobox.default\">\n\t\t\t\t<div class=\"elementor-widget-container\">\n\t\t\t\t\t<div class=\"info-box-wrapper\">\n\t\t\t<div class=\"wd-info-box text-center box-icon-align-top box-style-base color-scheme-\">\n\t\t\t\t\n\t\t\t\t<div class=\"info-box-content\">\n\t\t\t\t\t\t\t\t\t\t\t<div class=\"info-box-subtitle subtitle-color-default subtitle-style-default wd-fontsize-xs\"\n\t\t\t\t\t\t\t  data-elementor-setting-key=\"subtitle\">\n\t\t\t\t\t\t\tA\u011f\u0131z ve di\u015f bak\u0131m\u0131\t\t\t\t\t\t<\/div>\n\t\t\t\t\t\n\t\t\t\t\t\t\t\t\t\t\t<h4\t\t\t\t\t\tclass=\"info-box-title title box-title-style-default wd-fontsize-m\" data-elementor-setting-key=\"title\">\n\t\t\t\t\t\t\t\tG\u00fc\u00e7l\u00fc ve Sa\u011fl\u0131kl\u0131 Di\u015fler\t\t\t\t\t\t<\/h4>\n\t\t\t\t\t\n\t\t\t\t\t<div class=\"info-box-inner set-cont-mb-s reset-last-child\"data-elementor-setting-key=\"content\"><p>Snacky kemikleri k\u00f6peklerin kemirme i\u00e7 g\u00fcd\u00fcs\u00fcn\u00fc tamamen kar\u015f\u0131lar. Her \u0131s\u0131r\u0131k ile k\u00f6pe\u011finizin di\u015fleri ve di\u015f etleri daha g\u00fc\u00e7l\u00fc hale gelir ve di\u015f bak\u0131m\u0131 sa\u011flar. \u00c7i\u011fneme s\u0131ras\u0131nda \u00fcretilen t\u00fck\u00fcr\u00fck, plaklar\u0131n par\u00e7alanmas\u0131na yard\u0131mc\u0131 olur ve tartar olu\u015fumunu engeller.<\/p>\n<\/div>\n\n\t\t\t\t\t\t\t\t\t<\/div>\n\n\t\t\t\t\t\t\t\t\t<a href=\"#\" class=\"wd-info-box-link wd-fill\" aria-label=\"Infobox link\"><\/a>\n\t\t\t\t\t\t\t<\/div>\n\t\t<\/div>\n\t\t\t\t<\/div>\n\t\t\t\t<\/div>\n\t\t\t\t\t<\/div>\n\t\t<\/div>\n\t\t\t\t<div class=\"elementor-column elementor-col-33 elementor-top-column elementor-element elementor-element-b171c07\" data-id=\"b171c07\" data-element_type=\"column\">\n\t\t\t<div class=\"elementor-widget-wrap elementor-element-populated\">\n\t\t\t\t\t\t<div class=\"elementor-element elementor-element-7f4e6d1 elementor-widget elementor-widget-wd_infobox\" data-id=\"7f4e6d1\" data-element_type=\"widget\" data-widget_type=\"wd_infobox.default\">\n\t\t\t\t<div class=\"elementor-widget-container\">\n\t\t\t\t\t<div class=\"info-box-wrapper\">\n\t\t\t<div class=\"wd-info-box text-center box-icon-align-top box-style-base color-scheme-\">\n\t\t\t\t\n\t\t\t\t<div class=\"info-box-content\">\n\t\t\t\t\t\t\t\t\t\t\t<div class=\"info-box-subtitle subtitle-color-default subtitle-style-default wd-fontsize-xs\"\n\t\t\t\t\t\t\t  data-elementor-setting-key=\"subtitle\">\n\t\t\t\t\t\t\tDo\u011fal i\u00e7erik\t\t\t\t\t\t<\/div>\n\t\t\t\t\t\n\t\t\t\t\t\t\t\t\t\t\t<h4\t\t\t\t\t\tclass=\"info-box-title title box-title-style-default wd-fontsize-m\" data-elementor-setting-key=\"title\">\n\t\t\t\t\t\t\t\t% 100 S\u0131\u011f\u0131r Derisi\t\t\t\t\t\t<\/h4>\n\t\t\t\t\t\n\t\t\t\t\t<div class=\"info-box-inner set-cont-mb-s reset-last-child\"data-elementor-setting-key=\"content\"><p>\u00c7i\u011fneme kemiklerimiz k\u00f6peklerin damak zevkine g\u00f6re \u00f6zenle haz\u0131rlanm\u0131\u015ft\u0131r. \u0130\u00e7eri\u011finde % 100 s\u0131\u011f\u0131r derisi kullan\u0131larak do\u011fal bir \u00f6d\u00fcl beslenmesi ama\u00e7lanm\u0131\u015ft\u0131r. Dostunuza \u00f6d\u00fcl olarak vererek e\u011fitim a\u015famas\u0131n\u0131 hi\u00e7 olmad\u0131\u011f\u0131 kadar kolayla\u015ft\u0131rabilirsiniz.<span style=\"font-size: 14px; color: var(--wd-text-color);\"><\/span><\/p>\n<\/div>\n\n\t\t\t\t\t\t\t\t\t<\/div>\n\n\t\t\t\t\t\t\t\t\t<a href=\"#\" class=\"wd-info-box-link wd-fill\" aria-label=\"Infobox link\"><\/a>\n\t\t\t\t\t\t\t<\/div>\n\t\t<\/div>\n\t\t\t\t<\/div>\n\t\t\t\t<\/div>\n\t\t\t\t\t<\/div>\n\t\t<\/div>\n\t\t\t\t\t<\/div>\n\t\t<\/section>\n\t\t\t\t<\/div>\n\t\t","protected":false},"excerpt":{"rendered":"<p>Snacky Pet Food Snacky, k\u00f6pekler i\u00e7in en iyi ve do\u011fal y\u00fcksek kaliteli ham maddeleri se\u00e7ip son teknolojiyle birlikte dostlar\u0131m\u0131z i\u00e7in<\/p>\n","protected":false},"author":1,"featured_media":0,"parent":0,"menu_order":0,"comment_status":"closed","ping_status":"closed","template":"","meta":{"footnotes":""},"class_list":["post-4400","page","type-page","status-publish","hentry"],"_links":{"self":[{"href":"http:\/\/snackypetfood.com\/index.php\/wp-json\/wp\/v2\/pages\/4400"}],"collection":[{"href":"http:\/\/snackypetfood.com\/index.php\/wp-json\/wp\/v2\/pages"}],"about":[{"href":"http:\/\/snackypetfood.com\/index.php\/wp-json\/wp\/v2\/types\/page"}],"author":[{"embeddable":true,"href":"http:\/\/snackypetfood.com\/index.php\/wp-json\/wp\/v2\/users\/1"}],"replies":[{"embeddable":true,"href":"http:\/\/snackypetfood.com\/index.php\/wp-json\/wp\/v2\/comments?post=4400"}],"version-history":[{"count":9,"href":"http:\/\/snackypetfood.com\/index.php\/wp-json\/wp\/v2\/pages\/4400\/revisions"}],"predecessor-version":[{"id":8740,"href":"http:\/\/snackypetfood.com\/index.php\/wp-json\/wp\/v2\/pages\/4400\/revisions\/8740"}],"wp:attachment":[{"href":"http:\/\/snackypetfood.com\/index.php\/wp-json\/wp\/v2\/media?parent=4400"}],"curies":[{"name":"wp","href":"https:\/\/api.w.org\/{rel}","templated":true}]}}